{"id":3468,"date":"2024-03-28T05:46:12","date_gmt":"2024-03-28T05:46:12","guid":{"rendered":"https:\/\/demos.velozion.in\/demos\/intercontinentalbattery\/?page_id=3468"},"modified":"2024-11-06T11:33:03","modified_gmt":"2024-11-06T11:33:03","slug":"start-stop","status":"publish","type":"page","link":"https:\/\/demos.velozion.in\/demos\/intercontinentalbattery\/fr\/start-stop\/","title":{"rendered":"Commencer arr\u00eater"},"content":{"rendered":"<div data-elementor-type=\"wp-page\" data-elementor-id=\"3468\" class=\"elementor elementor-3468\">\n\t\t\t\t<div class=\"elementor-element elementor-element-729b857 e-con-full e-flex wpr-particle-no wpr-jarallax-no wpr-parallax-no wpr-sticky-section-no e-con e-parent\" data-id=\"729b857\" data-element_type=\"container\" data-settings=\"{&quot;background_background&quot;:&quot;classic&quot;}\">\n\t\t\t\t<\/div>\n\t\t<div class=\"elementor-element elementor-element-bb648bb e-con-full e-flex wpr-particle-no wpr-jarallax-no wpr-parallax-no wpr-sticky-section-no e-con e-parent\" data-id=\"bb648bb\" data-element_type=\"container\" data-settings=\"{&quot;background_background&quot;:&quot;classic&quot;}\">\n\t\t<div class=\"elementor-element elementor-element-7e8cf68 e-flex e-con-boxed wpr-particle-no wpr-jarallax-no wpr-parallax-no wpr-sticky-section-no e-con e-child\" data-id=\"7e8cf68\" data-element_type=\"container\">\n\t\t\t\t\t<div class=\"e-con-inner\">\n\t\t\t\t<div class=\"elementor-element elementor-element-0982058 elementor-widget elementor-widget-heading\" data-id=\"0982058\" data-element_type=\"widget\" data-widget_type=\"heading.default\">\n\t\t\t\t<div class=\"elementor-widget-container\">\n\t\t\t\t\t<h2 class=\"elementor-heading-title elementor-size-default\">COMMENCER ARR\u00caTER<\/h2>\t\t\t\t<\/div>\n\t\t\t\t<\/div>\n\t\t\t\t\t<\/div>\n\t\t\t\t<\/div>\n\t\t\t\t<\/div>\n\t\t<div class=\"elementor-element elementor-element-ee740d0 e-con-full e-flex wpr-particle-no wpr-jarallax-no wpr-parallax-no wpr-sticky-section-no e-con e-parent\" data-id=\"ee740d0\" data-element_type=\"container\">\n\t\t<div class=\"elementor-element elementor-element-aeb95c1 e-con-full e-flex wpr-particle-no wpr-jarallax-no wpr-parallax-no wpr-sticky-section-no e-con e-child\" data-id=\"aeb95c1\" data-element_type=\"container\">\n\t\t<div class=\"elementor-element elementor-element-f349c74 e-flex e-con-boxed wpr-particle-no wpr-jarallax-no wpr-parallax-no wpr-sticky-section-no e-con e-child\" data-id=\"f349c74\" data-element_type=\"container\">\n\t\t\t\t\t<div class=\"e-con-inner\">\n\t\t\t\t<div class=\"elementor-element elementor-element-7b1faa6 elementor-widget elementor-widget-image\" data-id=\"7b1faa6\" data-element_type=\"widget\" data-widget_type=\"image.default\">\n\t\t\t\t<div class=\"elementor-widget-container\">\n\t\t\t\t\t\t\t\t\t\t\t\t\t\t\t<img decoding=\"async\" src=\"https:\/\/demos.velozion.in\/demos\/intercontinentalbattery\/wp-content\/uploads\/elementor\/thumbs\/Start-Stop-1-qwnmusumt3inzxybyapia49cjbybq3rckz4gq970sg.jpg\" title=\"Start Stop-1\" alt=\"Start Stop-1\" class=\"elementor-animation-bob\" loading=\"lazy\" \/>\t\t\t\t\t\t\t\t\t\t\t\t\t\t\t<\/div>\n\t\t\t\t<\/div>\n\t\t\t\t\t<\/div>\n\t\t\t\t<\/div>\n\t\t\t\t<\/div>\n\t\t<div class=\"elementor-element elementor-element-d24c3a0 e-con-full e-flex wpr-particle-no wpr-jarallax-no wpr-parallax-no wpr-sticky-section-no e-con e-child\" data-id=\"d24c3a0\" data-element_type=\"container\">\n\t\t<div class=\"elementor-element elementor-element-49cc3c9 e-flex e-con-boxed wpr-particle-no wpr-jarallax-no wpr-parallax-no wpr-sticky-section-no e-con e-child\" data-id=\"49cc3c9\" data-element_type=\"container\">\n\t\t\t\t\t<div class=\"e-con-inner\">\n\t\t\t\t<div class=\"elementor-element elementor-element-d5ee38d elementor-widget elementor-widget-text-editor\" data-id=\"d5ee38d\" data-element_type=\"widget\" data-widget_type=\"text-editor.default\">\n\t\t\t\t<div class=\"elementor-widget-container\">\n\t\t\t\t\t\t\t\t\t<div><span style=\"color: #0000ff;\">Le d\u00e9part et l'arr\u00eat<\/span> function vehicles turn the engine off each time when they are stopped by the driver, and then, restarts the engine only when the accelerator pedal is pressed. During engine off time, the comfort and safety equipment of the vehicle remain active. The start-stop function vehicles ensure that the power demand of the vehicle is continuous during this period.<\/div>\t\t\t\t\t\t\t\t<\/div>\n\t\t\t\t<\/div>\n\t\t\t\t<div class=\"elementor-element elementor-element-2c392d9 elementor-widget elementor-widget-text-editor\" data-id=\"2c392d9\" data-element_type=\"widget\" data-widget_type=\"text-editor.default\">\n\t\t\t\t<div class=\"elementor-widget-container\">\n\t\t\t\t\t\t\t\t\t<ul>\n \t<li>Formule de p\u00e2te sp\u00e9cialement pr\u00e9par\u00e9e<\/li>\n \t<li>Perte d'eau minimale gr\u00e2ce \u00e0 la grille alli\u00e9e Argent-Calcium<\/li>\n \t<li>Des performances uniques gr\u00e2ce \u00e0 la supraconductivit\u00e9<\/li>\n \t<li>Puissance de d\u00e9marrage \u00e9lev\u00e9e<\/li>\n \t<li>Plaques durables et hautement r\u00e9sistantes \u00e0 la corrosion avec une conception de grille solide et une technologie de grille brevet\u00e9e.<\/li>\n<\/ul>\t\t\t\t\t\t\t\t<\/div>\n\t\t\t\t<\/div>\n\t\t\t\t\t<\/div>\n\t\t\t\t<\/div>\n\t\t\t\t<\/div>\n\t\t\t\t<\/div>\n\t\t<div class=\"elementor-element elementor-element-ab8085f e-flex e-con-boxed wpr-particle-no wpr-jarallax-no wpr-parallax-no wpr-sticky-section-no e-con e-parent\" data-id=\"ab8085f\" data-element_type=\"container\">\n\t\t\t\t\t<div class=\"e-con-inner\">\n\t\t<div class=\"elementor-element elementor-element-313502d e-flex e-con-boxed wpr-particle-no wpr-jarallax-no wpr-parallax-no wpr-sticky-section-no e-con e-child\" data-id=\"313502d\" data-element_type=\"container\">\n\t\t\t\t\t<div class=\"e-con-inner\">\n\t\t\t\t<div class=\"elementor-element elementor-element-c58fff8 elementor-widget__width-initial elementor-widget elementor-widget-heading\" data-id=\"c58fff8\" data-element_type=\"widget\" data-widget_type=\"heading.default\">\n\t\t\t\t<div class=\"elementor-widget-container\">\n\t\t\t\t\t<h2 class=\"elementor-heading-title elementor-size-default\"><div style=\"background-color:#FDBD33\" class=\"pl-4 pt-3 pb-3\">  TYPES OF BATTERIES<span style=\"color: var(--ast-global-color-2);font-size: 2.05882rem;font-style: inherit;text-align: var(--text-align)\"><\/span><\/div><\/h2>\t\t\t\t<\/div>\n\t\t\t\t<\/div>\n\t\t\t\t\t<\/div>\n\t\t\t\t<\/div>\n\t\t\t\t\t<\/div>\n\t\t\t\t<\/div>\n\t\t<div class=\"elementor-element elementor-element-d2c8008 e-flex e-con-boxed wpr-particle-no wpr-jarallax-no wpr-parallax-no wpr-sticky-section-no e-con e-parent\" data-id=\"d2c8008\" data-element_type=\"container\">\n\t\t\t\t\t<div class=\"e-con-inner\">\n\t\t\t\t<div class=\"elementor-element elementor-element-f663f2e elementor-widget elementor-widget-text-editor\" data-id=\"f663f2e\" data-element_type=\"widget\" data-widget_type=\"text-editor.default\">\n\t\t\t\t<div class=\"elementor-widget-container\">\n\t\t\t\t\t\t\t\t\t<section class=\"elementor-section elementor-inner-section elementor-element elementor-element-83d681e elementor-section-full_width elementor-section-height-default elementor-section-height-default\" data-id=\"83d681eI have been working on the intercontinental battery website enquiry page form validation - Completed \" data-element_type=\"section\"><div class=\"elementor-container elementor-column-gap-default\"><div class=\"row\"><div class=\"elementor-column col-md-9 elementor-inner-column elementor-element elementor-element-fe45bf1\" data-id=\"fe45bf1\" data-element_type=\"column\" data-settings=\"{&quot;background_background&quot;:&quot;classic&quot;}\"><div class=\"elementor-column-wrap elementor-element-populated\"><div class=\"elementor-widget-wrap\"><div class=\"elementor-element elementor-element-cc58996 elementor-widget elementor-widget-heading\" data-id=\"cc58996\" data-element_type=\"widget\" data-widget_type=\"heading.default\"><div class=\"elementor-widget-container\"><section class=\"elementor-section elementor-inner-section elementor-element elementor-element-3a7261e elementor-section-full_width elementor-section-height-default elementor-section-height-default\" data-id=\"3a7261e\" data-element_type=\"section\"><div class=\"elementor-container elementor-column-gap-default\"><div class=\"elementor-row\"><div class=\"elementor-column elementor-col-10 elementor-inner-column elementor-element elementor-element-067b7f8\" data-id=\"067b7f8\" data-element_type=\"column\" data-settings=\"{&quot;background_background&quot;:&quot;classic&quot;}\"><div class=\"elementor-column-wrap elementor-element-populated\"><div class=\"elementor-widget-wrap\"><div class=\"elementor-element elementor-element-39005a0 elementor-widget elementor-widget-heading\" data-id=\"39005a0\" data-element_type=\"widget\" data-widget_type=\"heading.default\"><div class=\"elementor-widget-container\"><h1 class=\"elementor-heading-title elementor-size-default\">\u00a0<\/h1><\/div><\/div><\/div><\/div><\/div><div class=\"elementor-column elementor-col-90 elementor-inner-column elementor-element elementor-element-07a5107\" data-id=\"07a5107\" data-element_type=\"column\"><div class=\"elementor-column-wrap elementor-element-populated\"><div class=\"elementor-widget-wrap\"><div class=\"elementor-element elementor-element-a73f8d3 elementor-widget elementor-widget-shortcode\" data-id=\"a73f8d3\" data-element_type=\"widget\" data-widget_type=\"shortcode.default\"><div class=\"elementor-widget-container\"><div class=\"elementor-shortcode\"><div id=\"tablepress-3_filter\" class=\"dataTables_filter\"><label><input id=\"c20-search\" type=\"search\" placeholder=\"Rechercher la valeur C20\" \/><\/label><\/div><div id=\"tablepress-6_wrapper\" class=\"dataTables_wrapper no-footer\"><table id=\"tablepress-6\" class=\"tablepress tablepress-id-6 dataTable no-footer\" role=\"grid\"><thead><tr class=\"row-1 odd\" role=\"row\"><th class=\"column-1 sorting_disabled\" colspan=\"1\" rowspan=\"1\"><div style=\"transform: rotate(-90deg); width: 120px; margin: 0 -40px; font-size: 15px;\">Code<\/div><\/th><th class=\"column-2 sorting_disabled\" colspan=\"1\" rowspan=\"1\"><div style=\"transform: rotate(-90deg); width: 120px; margin: 0 -40px; font-size: 15px;\">Groupe<\/div><\/th><th class=\"column-3 sorting_disabled\" colspan=\"1\" rowspan=\"1\"><div style=\"transform: rotate(-90deg); width: 120px; margin: 0 -40px; font-size: 15px;\">Groupe BCI<\/div><\/th><th class=\"column-4 sorting_disabled\" colspan=\"1\" rowspan=\"1\"><div style=\"transform: rotate(-90deg); width: 120px; margin: 0 -40px; font-size: 15px;\">Tension<\/div><\/th><th class=\"column-5 sorting_disabled\" colspan=\"1\" rowspan=\"1\"><div style=\"transform: rotate(-90deg); width: 120px; margin: 0 -40px; font-size: 15px;\">C20<\/div><\/th><th class=\"column-6 sorting_disabled\" colspan=\"1\" rowspan=\"1\"><div style=\"transform: rotate(-90deg); width: 120px; margin: 0 -40px; font-size: 15px;\">C5<\/div><\/th><th class=\"column-7 sorting_disabled\" colspan=\"1\" rowspan=\"1\"><div style=\"transform: rotate(-90deg); width: 120px; margin: 0 -40px; font-size: 15px;\">RC<\/div><\/th><th class=\"column-8 sorting_disabled\" colspan=\"1\" rowspan=\"1\"><div style=\"transform: rotate(-90deg); width: 120px; margin: 0 -40px; font-size: 15px;\">AEN (-18\u00b0C)<\/div><\/th><th class=\"column-9 sorting_disabled\" colspan=\"1\" rowspan=\"1\"><div style=\"transform: rotate(-90deg); width: 120px; margin: 0 -40px; font-size: 15px;\">CA(0\u00b0C)<\/div><\/th><th class=\"column-10 sorting_disabled\" colspan=\"1\" rowspan=\"1\"><div style=\"transform: rotate(-90deg); width: 120px; margin: 0 -40px; font-size: 15px;\">HCA(22\u00b0C)<\/div><\/th><th class=\"column-11 sorting_disabled\" colspan=\"1\" rowspan=\"1\"><div style=\"transform: rotate(-90deg); width: 120px; margin: 0 -40px; font-size: 15px;\">SAE (-18\u00b0C)<\/div><\/th><th class=\"column-12 sorting_disabled\" colspan=\"1\" rowspan=\"1\"><div style=\"transform: rotate(-90deg); width: 120px; margin: 0 -40px; font-size: 15px;\">Longueur<\/div><\/th><th class=\"column-13 sorting_disabled\" colspan=\"1\" rowspan=\"1\"><div style=\"transform: rotate(-90deg); width: 120px; margin: 0 -40px; font-size: 15px;\">Largeur<\/div><\/th><th class=\"column-14 sorting_disabled\" colspan=\"1\" rowspan=\"1\"><div style=\"transform: rotate(-90deg); width: 120px; margin: 0 -40px; font-size: 15px;\">Hauteur<\/div><\/th><th class=\"column-15 sorting_disabled\" colspan=\"1\" rowspan=\"1\"><div style=\"transform: rotate(-90deg); width: 120px; margin: 0 -40px; font-size: 15px;\">Mise en page<\/div><\/th><th class=\"column-16 sorting_disabled\" colspan=\"1\" rowspan=\"1\"><div style=\"transform: rotate(-90deg); width: 120px; margin: 0 -40px; font-size: 15px;\">Type de borne<\/div><\/th><th class=\"column-17 sorting_disabled\" colspan=\"1\" rowspan=\"1\"><div style=\"transform: rotate(-90deg); width: 120px; margin: 0 -40px; font-size: 15px;\">Maintenez enfonc\u00e9<\/div><\/th><th class=\"column-18 sorting_disabled\" colspan=\"1\" rowspan=\"1\"><div style=\"transform: rotate(-90deg); width: 120px; margin: 0 -40px; font-size: 15px;\">Maintenir enfonc\u00e9 (BCI)<\/div><\/th><\/tr><\/thead><tbody class=\"row-hover\"><tr class=\"row-2 even\" role=\"row\"><td class=\"column-1\">SS630<\/td><td class=\"column-2\">L2<\/td><td class=\"column-3\">47<\/td><td class=\"column-4\">12<\/td><td class=\"column-5\">63<\/td><td class=\"column-6\">50<\/td><td class=\"column-7\">104<\/td><td class=\"column-8\">560<\/td><td class=\"column-9\">650<\/td><td class=\"column-10\">720<\/td><td class=\"column-11\">610<\/td><td class=\"column-12\">242<\/td><td class=\"column-13\">175<\/td><td class=\"column-14\">190<\/td><td class=\"column-15\">0<\/td><td class=\"column-16\">1<\/td><td class=\"column-17\">B13<\/td><td class=\"column-18\">24<\/td><\/tr><tr class=\"row-3 odd\" role=\"row\"><td class=\"column-1\">SS631<\/td><td class=\"column-2\">D23<\/td><td class=\"column-3\">35<\/td><td class=\"column-4\">12<\/td><td class=\"column-5\">63<\/td><td class=\"column-6\">50<\/td><td class=\"column-7\">104<\/td><td class=\"column-8\">560<\/td><td class=\"column-9\">650<\/td><td class=\"column-10\">720<\/td><td class=\"column-11\">610<\/td><td class=\"column-12\">230<\/td><td class=\"column-13\">172<\/td><td class=\"column-14\">225<\/td><td class=\"column-15\">0<\/td><td class=\"column-16\">1<\/td><td class=\"column-17\">B00<\/td><td class=\"column-18\">11<\/td><\/tr><tr class=\"row-4 even\" role=\"row\"><td class=\"column-1\">SS720<\/td><td class=\"column-2\">L3<\/td><td class=\"column-3\">48<\/td><td class=\"column-4\">12<\/td><td class=\"column-5\">72<\/td><td class=\"column-6\">58<\/td><td class=\"column-7\">122<\/td><td class=\"column-8\">650<\/td><td class=\"column-9\">750<\/td><td class=\"column-10\">830<\/td><td class=\"column-11\">700<\/td><td class=\"column-12\">278<\/td><td class=\"column-13\">175<\/td><td class=\"column-14\">190<\/td><td class=\"column-15\">0<\/td><td class=\"column-16\">1<\/td><td class=\"column-17\">B13<\/td><td class=\"column-18\">24<\/td><\/tr><tr class=\"row-5 odd\" role=\"row\"><td class=\"column-1\">SS840<\/td><td class=\"column-2\">L4<\/td><td class=\"column-3\">94R<\/td><td class=\"column-4\">12<\/td><td class=\"column-5\">84<\/td><td class=\"column-6\">67<\/td><td class=\"column-7\">146<\/td><td class=\"column-8\">720<\/td><td class=\"column-9\">830<\/td><td class=\"column-10\">920<\/td><td class=\"column-11\">780<\/td><td class=\"column-12\">315<\/td><td class=\"column-13\">175<\/td><td class=\"column-14\">190<\/td><td class=\"column-15\">0<\/td><td class=\"column-16\">1<\/td><td class=\"column-17\">B13<\/td><td class=\"column-18\">24<\/td><\/tr><\/tbody><\/table><\/div><\/div><\/div><\/div><div class=\"elementor-element elementor-element-017cf8b elementor-widget elementor-widget-image\" data-id=\"017cf8b\" data-element_type=\"widget\" data-widget_type=\"image.default\"><div class=\"elementor-widget-container\"><div class=\"elementor-image\"><img decoding=\"async\" title=\"batterie-rodson-web-14\" src=\"https:\/\/www.intercontinentalbattery.com\/wp-content\/uploads\/elementor\/thumbs\/rodson-battery-web-14-osjr1tpl71n0d5nrwkc5qewm7ias355cjancxhihny.png\" alt=\"rodson-battery-web-14\" \/><\/div><\/div><\/div><\/div><\/div><\/div><\/div><\/div><\/section><section class=\"elementor-section elementor-inner-section elementor-element elementor-element-0890875 elementor-section-full_width elementor-section-height-default elementor-section-height-default\" data-id=\"0890875\" data-element_type=\"section\"><div class=\"elementor-container elementor-column-gap-default\"><div class=\"elementor-row\"><div class=\"elementor-column elementor-col-33 elementor-inner-column elementor-element elementor-element-e276729\" data-id=\"e276729\" data-element_type=\"column\" data-settings=\"{&quot;background_background&quot;:&quot;classic&quot;}\"><div class=\"elementor-column-wrap\"><div class=\"elementor-widget-wrap\">\u00a0<\/div><\/div><\/div><div class=\"elementor-column elementor-col-66 elementor-inner-column elementor-element elementor-element-21940b9\" data-id=\"21940b9\" data-element_type=\"column\" data-settings=\"{&quot;background_background&quot;:&quot;classic&quot;}\"><div class=\"elementor-column-wrap elementor-element-populated\"><div class=\"elementor-widget-wrap\"><div class=\"elementor-element elementor-element-9a9680b elementor-widget elementor-widget-text-editor\" data-id=\"9a9680b\" data-element_type=\"widget\" data-widget_type=\"text-editor.default\"><div class=\"elementor-widget-container\"><div class=\"elementor-text-editor elementor-clearfix\">La polarit\u00e9 invers\u00e9e est disponible pour tous les types<\/div><\/div><\/div><\/div><\/div><\/div><\/div><\/div><\/section><div class=\"elementor-element elementor-element-21b1753 elementor-widget elementor-widget-divider\" data-id=\"21b1753\" data-element_type=\"widget\" data-widget_type=\"divider.default\"><div class=\"elementor-widget-container\"><div class=\"elementor-divider\">\u00a0<\/div><\/div><\/div><\/div><\/div><\/div><\/div><\/div><\/div><\/div><\/section><p><script>\n\/\/ Get the search input field and table\nconst searchInput = document.getElementById('c20-search');\nconst table = document.getElementById('tablepress-6');\n\n\/\/ Add an event listener to the search input field\nsearchInput.addEventListener('input', function() {\n  const searchTerm = this.value.toLowerCase();\n  const rows = table.rows;\n\n  \/\/ Loop through each row and hide\/show based on the search term\n  for (let i = 1; i < rows.length; i++) { \/\/ skip the header row\n    const row = rows[i];\n    const c20Value = row.cells[4].textContent.toLowerCase(); \/\/ assuming C20 is the 5th column\n\n    if (c20Value.includes(searchTerm)) {\n      row.style.display = '';\n    } else {\n      row.style.display = 'none';\n    }\n  }\n});\n<\/script><\/p>\t\t\t\t\t\t\t\t<\/div>\n\t\t\t\t<\/div>\n\t\t\t\t\t<\/div>\n\t\t\t\t<\/div>\n\t\t<div class=\"elementor-element elementor-element-dd85587 e-flex e-con-boxed wpr-particle-no wpr-jarallax-no wpr-parallax-no wpr-sticky-section-no e-con e-parent\" data-id=\"dd85587\" data-element_type=\"container\">\n\t\t\t\t\t<div class=\"e-con-inner\">\n\t\t<div class=\"elementor-element elementor-element-b767ee2 e-con-full e-flex wpr-particle-no wpr-jarallax-no wpr-parallax-no wpr-sticky-section-no e-con e-child\" data-id=\"b767ee2\" data-element_type=\"container\">\n\t\t<div class=\"elementor-element elementor-element-95687ed e-flex e-con-boxed wpr-particle-no wpr-jarallax-no wpr-parallax-no wpr-sticky-section-no e-con e-child\" data-id=\"95687ed\" data-element_type=\"container\">\n\t\t\t\t\t<div class=\"e-con-inner\">\n\t\t\t\t<div class=\"elementor-element elementor-element-15a39e6 elementor-widget-divider--view-line elementor-widget elementor-widget-divider\" data-id=\"15a39e6\" data-element_type=\"widget\" data-widget_type=\"divider.default\">\n\t\t\t\t<div class=\"elementor-widget-container\">\n\t\t\t\t\t\t\t<div class=\"elementor-divider\">\n\t\t\t<span class=\"elementor-divider-separator\">\n\t\t\t\t\t\t<\/span>\n\t\t<\/div>\n\t\t\t\t\t\t<\/div>\n\t\t\t\t<\/div>\n\t\t\t\t\t<\/div>\n\t\t\t\t<\/div>\n\t\t\t\t<\/div>\n\t\t\t\t\t<\/div>\n\t\t\t\t<\/div>\n\t\t\t\t<\/div>","protected":false},"excerpt":{"rendered":"<p>START STOP The Start Stop function vehicles turn the engine off each time when they are stopped by the driver, and then, restarts the engine only when the accelerator pedal is pressed. During engine off time, the comfort and safety equipment of the vehicle remain active. The start-stop function vehicles ensure that the power demand of the vehicle is continuous during this period. Specifically prepared paste formula Mininum water loss thanks to the Silver-Calcium alloyed grid Unique performance thanks to superconductivity High starting power Durable and high corrosion-resistant plates with strong grid design and patented grid technology. TYPES OF BATTERIES \u00a0 Code Group BCI Group Voltage C20 C5 RC AEN (-18\u00b0C) CA(0\u00b0C) HCA(22\u00b0C) SAE (-18\u00b0C) Length Width Height Layout Terminal Type Hold Down Hold Down (BCI) SS630 L2 47 12 63 50 104 560 650 720 610 242 175 190 0 1 B13 24 SS631 D23 35 12 63 50 104 560 650 720 610 230 172 225 0 1 B00 11 SS720 L3 48 12 72 58 122 650 750 830 700 278 175 190 0 1 B13 24 SS840 L4 94R 12 84 67 146 720 830 920 780 315 175 190 0 1 B13 24 \u00a0Reverse Polarity is available for all types \u00a0<\/p>","protected":false},"author":1,"featured_media":0,"parent":0,"menu_order":0,"comment_status":"closed","ping_status":"closed","template":"","meta":{"site-sidebar-layout":"no-sidebar","site-content-layout":"page-builder","ast-site-content-layout":"full-width-container","site-content-style":"default","site-sidebar-style":"default","ast-global-header-display":"","ast-banner-title-visibility":"","ast-main-header-display":"","ast-hfb-above-header-display":"","ast-hfb-below-header-display":"","ast-hfb-mobile-header-display":"","site-post-title":"disabled","ast-breadcrumbs-content":"","ast-featured-img":"disabled","footer-sml-layout":"","theme-transparent-header-meta":"","adv-header-id-meta":"","stick-header-meta":"","header-above-stick-meta":"","header-main-stick-meta":"","header-below-stick-meta":"","astra-migrate-meta-layouts":"set","ast-page-background-enabled":"default","ast-page-background-meta":{"desktop":{"background-color":"","background-image":"","background-repeat":"repeat","background-position":"center center","background-size":"auto","background-attachment":"scroll","background-type":"","background-media":"","overlay-type":"","overlay-color":"","overlay-gradient":""},"tablet":{"background-color":"","background-image":"","background-repeat":"repeat","background-position":"center center","background-size":"auto","background-attachment":"scroll","background-type":"","background-media":"","overlay-type":"","overlay-color":"","overlay-gradient":""},"mobile":{"background-color":"","background-image":"","background-repeat":"repeat","background-position":"center center","background-size":"auto","background-attachment":"scroll","background-type":"","background-media":"","overlay-type":"","overlay-color":"","overlay-gradient":""}},"ast-content-background-meta":{"desktop":{"background-color":"var(--ast-global-color-5)","background-image":"","background-repeat":"repeat","background-position":"center center","background-size":"auto","background-attachment":"scroll","background-type":"","background-media":"","overlay-type":"","overlay-color":"","overlay-gradient":""},"tablet":{"background-color":"var(--ast-global-color-5)","background-image":"","background-repeat":"repeat","background-position":"center center","background-size":"auto","background-attachment":"scroll","background-type":"","background-media":"","overlay-type":"","overlay-color":"","overlay-gradient":""},"mobile":{"background-color":"var(--ast-global-color-5)","background-image":"","background-repeat":"repeat","background-position":"center center","background-size":"auto","background-attachment":"scroll","background-type":"","background-media":"","overlay-type":"","overlay-color":"","overlay-gradient":""}},"footnotes":""},"class_list":["post-3468","page","type-page","status-publish","hentry"],"_links":{"self":[{"href":"https:\/\/demos.velozion.in\/demos\/intercontinentalbattery\/fr\/wp-json\/wp\/v2\/pages\/3468","targetHints":{"allow":["GET"]}}],"collection":[{"href":"https:\/\/demos.velozion.in\/demos\/intercontinentalbattery\/fr\/wp-json\/wp\/v2\/pages"}],"about":[{"href":"https:\/\/demos.velozion.in\/demos\/intercontinentalbattery\/fr\/wp-json\/wp\/v2\/types\/page"}],"author":[{"embeddable":true,"href":"https:\/\/demos.velozion.in\/demos\/intercontinentalbattery\/fr\/wp-json\/wp\/v2\/users\/1"}],"replies":[{"embeddable":true,"href":"https:\/\/demos.velozion.in\/demos\/intercontinentalbattery\/fr\/wp-json\/wp\/v2\/comments?post=3468"}],"version-history":[{"count":245,"href":"https:\/\/demos.velozion.in\/demos\/intercontinentalbattery\/fr\/wp-json\/wp\/v2\/pages\/3468\/revisions"}],"predecessor-version":[{"id":9875,"href":"https:\/\/demos.velozion.in\/demos\/intercontinentalbattery\/fr\/wp-json\/wp\/v2\/pages\/3468\/revisions\/9875"}],"wp:attachment":[{"href":"https:\/\/demos.velozion.in\/demos\/intercontinentalbattery\/fr\/wp-json\/wp\/v2\/media?parent=3468"}],"curies":[{"name":"wp","href":"https:\/\/api.w.org\/{rel}","templated":true}]}}